{"id":1405,"date":"2024-05-23T05:33:21","date_gmt":"2024-05-23T05:33:21","guid":{"rendered":"https:\/\/feministnow.org\/?page_id=1405"},"modified":"2024-07-09T06:34:30","modified_gmt":"2024-07-09T06:34:30","slug":"informes","status":"publish","type":"page","link":"https:\/\/feministnow.org\/es\/informes\/","title":{"rendered":"Informes"},"content":{"rendered":"<p><span class=\"VIpgJd-yAWNEb-VIpgJd-fmcmS-sn54Q\">Despu\u00e9s de varios meses de intenso trabajo, estamos encantados de presentar los resultados del estudio que el Proyecto FON realiz\u00f3 en 10 pa\u00edses. El proyecto FON cuenta con el apoyo de la Agence francaise de d\u00e9veloppement (AFD) y el Ministro franc\u00e9s de Europa y Asuntos Exteriores y es implementado por un consorcio de 5 organizaciones internacionales: M\u00e9decins du Monde France (MdM-FR), Federaci\u00f3n Internacional de Derechos Humanos ( FIDH), EmpowHer, Creando Recursos para el Empoderamiento en Acci\u00f3n (CREA) y la Federaci\u00f3n Internacional de Planificaci\u00f3n de la Familia Regi\u00f3n de \u00c1frica (IPPF \u2013 ARO), l\u00edder del consorcio.<\/span><\/p>\n<p>Los principales objetivos de este estudio fueron:<\/p>\n<ul>\n<li><span class=\"\">Mejorar nuestro conocimiento sobre las organizaciones y redes feministas de la sociedad civil (OSC) que luchan contra la VBG, sus especificidades, necesidades, desaf\u00edos y demandas, as\u00ed como sus aliados y oponentes.<\/span><\/li>\n<li>Mejorar nuestro conocimiento del contexto en el que trabajan estas organizaciones, incluyendo factores que son barreras u oportunidades para su trabajo.<\/li>\n<\/ul>\n<p><span class=\"VIpgJd-yAWNEb-VIpgJd-fmcmS-sn54Q\">El informe presenta el contexto de violencia de g\u00e9nero en cada pa\u00eds y a nivel regional. Tambi\u00e9n presenta las tendencias de las capacidades y desaf\u00edos que estas OSC feministas enfrentan a nivel internacional en su lucha contra la VBG por pa\u00eds, a nivel regional y global.<\/span><\/p>\n<p>\u00a1Disfruta la lectura!<\/p>\n","protected":false},"excerpt":{"rendered":"<p>Despu\u00e9s de varios meses de intenso trabajo, estamos encantados de presentar los resultados del estudio que el Proyecto FON realiz\u00f3 en 10 pa\u00edses. El proyecto FON cuenta con el apoyo de la Agence francaise de d\u00e9veloppement (AFD) y el Ministro franc\u00e9s de Europa y Asuntos Exteriores y es implementado por un consorcio de 5 organizaciones&hellip; <a class=\"more-link\" href=\"https:\/\/feministnow.org\/es\/informes\/\">Continue reading <span class=\"screen-reader-text\">Informes<\/span><\/a><\/p>\n","protected":false},"author":1,"featured_media":0,"parent":0,"menu_order":0,"comment_status":"closed","ping_status":"closed","template":"templates\/reports-page.php","meta":{"footnotes":""},"class_list":["post-1405","page","type-page","status-publish","hentry","entry"],"acf":[],"_links":{"self":[{"href":"https:\/\/feministnow.org\/es\/wp-json\/wp\/v2\/pages\/1405","targetHints":{"allow":["GET"]}}],"collection":[{"href":"https:\/\/feministnow.org\/es\/wp-json\/wp\/v2\/pages"}],"about":[{"href":"https:\/\/feministnow.org\/es\/wp-json\/wp\/v2\/types\/page"}],"author":[{"embeddable":true,"href":"https:\/\/feministnow.org\/es\/wp-json\/wp\/v2\/users\/1"}],"replies":[{"embeddable":true,"href":"https:\/\/feministnow.org\/es\/wp-json\/wp\/v2\/comments?post=1405"}],"version-history":[{"count":29,"href":"https:\/\/feministnow.org\/es\/wp-json\/wp\/v2\/pages\/1405\/revisions"}],"predecessor-version":[{"id":1560,"href":"https:\/\/feministnow.org\/es\/wp-json\/wp\/v2\/pages\/1405\/revisions\/1560"}],"wp:attachment":[{"href":"https:\/\/feministnow.org\/es\/wp-json\/wp\/v2\/media?parent=1405"}],"curies":[{"name":"wp","href":"https:\/\/api.w.org\/{rel}","templated":true}]}}