{"id":1405,"date":"2024-05-23T05:33:21","date_gmt":"2024-05-23T05:33:21","guid":{"rendered":"https:\/\/feministnow.org\/?page_id=1405"},"modified":"2024-06-18T19:05:06","modified_gmt":"2024-06-18T19:05:06","slug":"reports","status":"publish","type":"page","link":"https:\/\/feministnow.org\/fr\/reports\/","title":{"rendered":"Reports"},"content":{"rendered":"<p><span>Apr\u00e8s plusieurs mois de travail intense, nous sommes ravis de pr\u00e9senter les r\u00e9sultats de l&#8217;\u00e9tude que le projet FON a men\u00e9e dans 10 pays. Le projet FON est soutenu par l&#8217;Agence fran\u00e7aise de d\u00e9veloppement (AFD) et le Minist\u00e8re fran\u00e7ais de l&#8217;Europe et des Affaires \u00e9trang\u00e8res et est mis en \u0153uvre par un consortium de 5 organisations internationales : M\u00e9decins du Monde France (MdM-FR), F\u00e9d\u00e9ration Internationale des Droits de l&#8217;Homme ( FIDH), EmpowHer, Cr\u00e9ation de ressources pour l&#8217;autonomisation en action (CREA) et la F\u00e9d\u00e9ration internationale pour la planification familiale pour la r\u00e9gion Afrique (IPPF \u2013 ARO), chef de file du consortium.<\/span><\/p>\n<p><span>Les principaux objectifs de cette \u00e9tude \u00e9taient :<\/span><\/p>\n<ul>\n<li><span>Am\u00e9liorer notre connaissance des organisations et r\u00e9seaux f\u00e9ministes de la soci\u00e9t\u00e9 civile (OSC) qui luttent contre les VBG, de leurs sp\u00e9cificit\u00e9s, besoins, d\u00e9fis et revendications, ainsi que de leurs alli\u00e9s et opposants.<\/span><\/li>\n<li><span>Am\u00e9liorer notre connaissance du contexte dans lequel ces organisations travaillent, y compris les facteurs qui constituent des obstacles ou des opportunit\u00e9s \u00e0 leur travail.<\/span><\/li>\n<\/ul>\n<p>&nbsp;<\/p>\n<p><span>Le rapport pr\u00e9sente le contexte de la VBG dans chaque pays et au niveau r\u00e9gional. Il pr\u00e9sente \u00e9galement les tendances des capacit\u00e9s et des d\u00e9fis auxquels ces OSC f\u00e9ministes sont confront\u00e9es au niveau international dans leur lutte contre la VBG par pays, aux niveaux r\u00e9gional et mondial.<\/span><\/p>\n<p><span>Bonne lecture !<\/span><\/p>\n","protected":false},"excerpt":{"rendered":"<p>Apr\u00e8s plusieurs mois de travail intense, nous sommes ravis de pr\u00e9senter les r\u00e9sultats de l&#8217;\u00e9tude que le projet FON a men\u00e9e dans 10 pays. Le projet FON est soutenu par l&#8217;Agence fran\u00e7aise de d\u00e9veloppement (AFD) et le Minist\u00e8re fran\u00e7ais de l&#8217;Europe et des Affaires \u00e9trang\u00e8res et est mis en \u0153uvre par un consortium de 5&hellip; <a class=\"more-link\" href=\"https:\/\/feministnow.org\/fr\/reports\/\">Continue reading <span class=\"screen-reader-text\">Reports<\/span><\/a><\/p>\n","protected":false},"author":1,"featured_media":0,"parent":0,"menu_order":0,"comment_status":"closed","ping_status":"closed","template":"templates\/reports-page.php","meta":{"footnotes":""},"class_list":["post-1405","page","type-page","status-publish","hentry","entry"],"acf":[],"_links":{"self":[{"href":"https:\/\/feministnow.org\/fr\/wp-json\/wp\/v2\/pages\/1405","targetHints":{"allow":["GET"]}}],"collection":[{"href":"https:\/\/feministnow.org\/fr\/wp-json\/wp\/v2\/pages"}],"about":[{"href":"https:\/\/feministnow.org\/fr\/wp-json\/wp\/v2\/types\/page"}],"author":[{"embeddable":true,"href":"https:\/\/feministnow.org\/fr\/wp-json\/wp\/v2\/users\/1"}],"replies":[{"embeddable":true,"href":"https:\/\/feministnow.org\/fr\/wp-json\/wp\/v2\/comments?post=1405"}],"version-history":[{"count":28,"href":"https:\/\/feministnow.org\/fr\/wp-json\/wp\/v2\/pages\/1405\/revisions"}],"predecessor-version":[{"id":1423,"href":"https:\/\/feministnow.org\/fr\/wp-json\/wp\/v2\/pages\/1405\/revisions\/1423"}],"wp:attachment":[{"href":"https:\/\/feministnow.org\/fr\/wp-json\/wp\/v2\/media?parent=1405"}],"curies":[{"name":"wp","href":"https:\/\/api.w.org\/{rel}","templated":true}]}}